{"id":16152,"date":"2025-05-30T09:04:58","date_gmt":"2025-05-30T09:04:58","guid":{"rendered":"https:\/\/smartmeterglobal.com\/?post_type=product&#038;p=16152"},"modified":"2025-05-30T09:04:58","modified_gmt":"2025-05-30T09:04:58","slug":"three-phase-multi-function-meter-dsz12dm-3x80a","status":"publish","type":"product","link":"https:\/\/smartmeterglobal.com\/pt\/produto\/three-phase-multi-function-meter-dsz12dm-3x80a\/","title":{"rendered":"Medidor multifun\u00e7\u00f5es trif\u00e1sico DSZ12DM-3x80A"},"content":{"rendered":"<p>DIN-rail three-phase multifunctional energy meter DSZ12DM-3x80A has passed the EU metrological certification MID certification (0120\/SGS0204), with the advantages of compact size, high precision, good reliability, easy installation and so on.<\/p>\n<p>It adopts DIN35mm DIN-rail mounting structure, LCD display, measuring electric energy and other electric parameters, with compound rate metering, electric energy pulse output, power failure key wake-up, automatic power feeding, LCD backlight display and other functions.<\/p>\n<p>With M-Bus interface, it can be connected to the corresponding bus equipment, which is suitable for the occasions with poor wireless signal coverage or no network coverage.<\/p>","protected":false},"excerpt":{"rendered":"<p><strong>IV. Electrical connection diagrams<\/strong><\/p>\n<p><img fetchpriority=\"high\" decoding=\"async\" class=\"alignleft size-medium wp-image-16153\" src=\"https:\/\/smartmeterglobal.com\/wp-content\/uploads\/2025\/05\/\u5fae\u4fe1\u56fe\u7247_20250530164417-306x300.png\" alt=\"\" width=\"306\" height=\"300\" srcset=\"https:\/\/smartmeterglobal.com\/wp-content\/uploads\/2025\/05\/\u5fae\u4fe1\u56fe\u7247_20250530164417-306x300.png 306w, https:\/\/smartmeterglobal.com\/wp-content\/uploads\/2025\/05\/\u5fae\u4fe1\u56fe\u7247_20250530164417-817x800.png 817w, https:\/\/smartmeterglobal.com\/wp-content\/uploads\/2025\/05\/\u5fae\u4fe1\u56fe\u7247_20250530164417-768x752.png 768w, https:\/\/smartmeterglobal.com\/wp-content\/uploads\/2025\/05\/\u5fae\u4fe1\u56fe\u7247_20250530164417-12x12.png 12w, https:\/\/smartmeterglobal.com\/wp-content\/uploads\/2025\/05\/\u5fae\u4fe1\u56fe\u7247_20250530164417-430x421.png 430w, https:\/\/smartmeterglobal.com\/wp-content\/uploads\/2025\/05\/\u5fae\u4fe1\u56fe\u7247_20250530164417-700x685.png 700w, https:\/\/smartmeterglobal.com\/wp-content\/uploads\/2025\/05\/\u5fae\u4fe1\u56fe\u7247_20250530164417.png 946w\" sizes=\"(max-width: 306px) 100vw, 306px\" \/><\/p>\n<table style=\"border-collapse: collapse; width: 184.53pt;\" border=\"0\" width=\"246\" cellspacing=\"0\" cellpadding=\"0\">\n<tbody>\n<tr style=\"height: 18.75pt;\">\n<td class=\"et2\" style=\"height: 18.75pt; width: 130.50pt;\" width=\"174\" height=\"25\">Wire Requirements<\/td>\n<td class=\"et3\" style=\"width: 54.00pt;\" width=\"72\">m\u33a1<\/td>\n<\/tr>\n<tr style=\"height: 18.00pt;\">\n<td class=\"et4\" style=\"height: 18.00pt; width: 130.50pt;\" width=\"174\" height=\"24\">L<\/td>\n<td class=\"et5\" style=\"width: 54.00pt;\" width=\"72\">32<\/td>\n<\/tr>\n<tr style=\"height: 18.00pt;\">\n<td class=\"et4\" style=\"height: 18.00pt; width: 130.50pt;\" width=\"174\" height=\"24\">N<\/td>\n<td class=\"et5\" style=\"width: 54.00pt;\" width=\"72\">16<\/td>\n<\/tr>\n<tr style=\"height: 17.25pt;\">\n<td class=\"et6\" style=\"height: 17.25pt; width: 130.50pt;\" width=\"174\" height=\"23\">SO<\/td>\n<td class=\"et7\" style=\"width: 54.00pt;\" width=\"72\">6<\/td>\n<\/tr>\n<\/tbody>\n<\/table>\n<p>Since the product works in a strong electrical environment, only certified or skilled electricians can install this electronic equipment, otherwise there is a risk of fire or electric shock!<\/p>\n<p><img decoding=\"async\" class=\"alignleft size-full wp-image-16154\" src=\"https:\/\/smartmeterglobal.com\/wp-content\/uploads\/2025\/05\/\u672a\u6807\u9898-2.jpg\" alt=\"\" width=\"300\" height=\"300\" srcset=\"https:\/\/smartmeterglobal.com\/wp-content\/uploads\/2025\/05\/\u672a\u6807\u9898-2.jpg 300w, https:\/\/smartmeterglobal.com\/wp-content\/uploads\/2025\/05\/\u672a\u6807\u9898-2-150x150.jpg 150w, https:\/\/smartmeterglobal.com\/wp-content\/uploads\/2025\/05\/\u672a\u6807\u9898-2-12x12.jpg 12w, https:\/\/smartmeterglobal.com\/wp-content\/uploads\/2025\/05\/\u672a\u6807\u9898-2-100x100.jpg 100w\" sizes=\"(max-width: 300px) 100vw, 300px\" \/><\/p>","protected":false},"featured_media":16155,"comment_status":"open","ping_status":"closed","template":"","meta":{"_acf_changed":false,"_kad_post_transparent":"default","_kad_post_title":"","_kad_post_layout":"default","_kad_post_sidebar_id":"","_kad_post_content_style":"default","_kad_post_vertical_padding":"default","_kad_post_feature":"","_kad_post_feature_position":"","_kad_post_header":false,"_kad_post_footer":false},"product_brand":[],"product_cat":[],"product_tag":[],"class_list":{"0":"post-16152","1":"product","2":"type-product","3":"status-publish","4":"has-post-thumbnail","7":"first","8":"instock","9":"shipping-taxable","10":"product-type-simple","11":"entry","12":"content-bg","13":"loop-entry"},"acf":[],"_links":{"self":[{"href":"https:\/\/smartmeterglobal.com\/pt\/wp-json\/wp\/v2\/product\/16152","targetHints":{"allow":["GET"]}}],"collection":[{"href":"https:\/\/smartmeterglobal.com\/pt\/wp-json\/wp\/v2\/product"}],"about":[{"href":"https:\/\/smartmeterglobal.com\/pt\/wp-json\/wp\/v2\/types\/product"}],"replies":[{"embeddable":true,"href":"https:\/\/smartmeterglobal.com\/pt\/wp-json\/wp\/v2\/comments?post=16152"}],"version-history":[{"count":1,"href":"https:\/\/smartmeterglobal.com\/pt\/wp-json\/wp\/v2\/product\/16152\/revisions"}],"predecessor-version":[{"id":16162,"href":"https:\/\/smartmeterglobal.com\/pt\/wp-json\/wp\/v2\/product\/16152\/revisions\/16162"}],"wp:featuredmedia":[{"embeddable":true,"href":"https:\/\/smartmeterglobal.com\/pt\/wp-json\/wp\/v2\/media\/16155"}],"wp:attachment":[{"href":"https:\/\/smartmeterglobal.com\/pt\/wp-json\/wp\/v2\/media?parent=16152"}],"wp:term":[{"taxonomy":"product_brand","embeddable":true,"href":"https:\/\/smartmeterglobal.com\/pt\/wp-json\/wp\/v2\/product_brand?post=16152"},{"taxonomy":"product_cat","embeddable":true,"href":"https:\/\/smartmeterglobal.com\/pt\/wp-json\/wp\/v2\/product_cat?post=16152"},{"taxonomy":"product_tag","embeddable":true,"href":"https:\/\/smartmeterglobal.com\/pt\/wp-json\/wp\/v2\/product_tag?post=16152"}],"curies":[{"name":"wp","href":"https:\/\/api.w.org\/{rel}","templated":true}]}}