{"id":16133,"date":"2025-05-30T07:50:46","date_gmt":"2025-05-30T07:50:46","guid":{"rendered":"https:\/\/smartmeterglobal.com\/?post_type=product&#038;p=16133"},"modified":"2025-05-30T08:25:35","modified_gmt":"2025-05-30T08:25:35","slug":"three-phase-multi-function-meter-dsz12wd-3x5a","status":"publish","type":"product","link":"https:\/\/smartmeterglobal.com\/pt\/produto\/three-phase-multi-function-meter-dsz12wd-3x5a\/","title":{"rendered":"Medidor multifun\u00e7\u00f5es trif\u00e1sico DSZ12WD-3X5A"},"content":{"rendered":"<p><img fetchpriority=\"high\" decoding=\"async\" class=\"alignleft size-medium wp-image-16134\" src=\"https:\/\/smartmeterglobal.com\/wp-content\/uploads\/2025\/05\/\u4e09\u76f8\u591a\u529f\u80fd\u7535\u8868DSZ12WD-3X5A-300x300.jpg\" alt=\"\" width=\"300\" height=\"300\" srcset=\"https:\/\/smartmeterglobal.com\/wp-content\/uploads\/2025\/05\/\u4e09\u76f8\u591a\u529f\u80fd\u7535\u8868DSZ12WD-3X5A-300x300.jpg 300w, https:\/\/smartmeterglobal.com\/wp-content\/uploads\/2025\/05\/\u4e09\u76f8\u591a\u529f\u80fd\u7535\u8868DSZ12WD-3X5A-150x150.jpg 150w, https:\/\/smartmeterglobal.com\/wp-content\/uploads\/2025\/05\/\u4e09\u76f8\u591a\u529f\u80fd\u7535\u8868DSZ12WD-3X5A-768x768.jpg 768w, https:\/\/smartmeterglobal.com\/wp-content\/uploads\/2025\/05\/\u4e09\u76f8\u591a\u529f\u80fd\u7535\u8868DSZ12WD-3X5A-12x12.jpg 12w, https:\/\/smartmeterglobal.com\/wp-content\/uploads\/2025\/05\/\u4e09\u76f8\u591a\u529f\u80fd\u7535\u8868DSZ12WD-3X5A-430x430.jpg 430w, https:\/\/smartmeterglobal.com\/wp-content\/uploads\/2025\/05\/\u4e09\u76f8\u591a\u529f\u80fd\u7535\u8868DSZ12WD-3X5A-700x700.jpg 700w, https:\/\/smartmeterglobal.com\/wp-content\/uploads\/2025\/05\/\u4e09\u76f8\u591a\u529f\u80fd\u7535\u8868DSZ12WD-3X5A-100x100.jpg 100w, https:\/\/smartmeterglobal.com\/wp-content\/uploads\/2025\/05\/\u4e09\u76f8\u591a\u529f\u80fd\u7535\u8868DSZ12WD-3X5A.jpg 800w\" sizes=\"(max-width: 300px) 100vw, 300px\" \/><\/p>\n<p>DIN-rail three-phase multifunctional energy meter DSZ12WD-3x5A has passed the EU metrological certification MID certification (0120\/SGS0314), with the advantages of compact size, high precision, good reliability, easy installation and so on. It adopts DIN35mm DIN-rail mounting structure, LCD display, measuring electric energy and other electric parameters, with the functions of compound rate measurement, electric energy pulse output, power failure key wake-up, automatic power feeding, LCD backlight display, and so on.<\/p>\n<p>CT ratio setting function can match: 5:5,50:5,100:5,200:5,250:5,300:5,400:5,500:5,600:5,750:5,1000:5,1250:5,1500:5 and so on many kinds of current transformer ratios; it can be connected to the need for high-current equipment, suitable for direct access to the energy meter can not meet the demand for The current transformer can be connected to devices requiring high current.<\/p>","protected":false},"excerpt":{"rendered":"<p><img decoding=\"async\" class=\"alignleft size-medium wp-image-16135\" src=\"https:\/\/smartmeterglobal.com\/wp-content\/uploads\/2025\/05\/\u56fe\u72471-4-220x300.jpg\" alt=\"\" width=\"220\" height=\"300\" srcset=\"https:\/\/smartmeterglobal.com\/wp-content\/uploads\/2025\/05\/\u56fe\u72471-4-220x300.jpg 220w, https:\/\/smartmeterglobal.com\/wp-content\/uploads\/2025\/05\/\u56fe\u72471-4-9x12.jpg 9w, https:\/\/smartmeterglobal.com\/wp-content\/uploads\/2025\/05\/\u56fe\u72471-4-430x587.jpg 430w, https:\/\/smartmeterglobal.com\/wp-content\/uploads\/2025\/05\/\u56fe\u72471-4.jpg 569w\" sizes=\"(max-width: 220px) 100vw, 220px\" \/><\/p>\n<table style=\"border-collapse: collapse; width: 132.03pt;\" border=\"0\" width=\"176\" cellspacing=\"0\" cellpadding=\"0\">\n<tbody>\n<tr style=\"height: 31.00pt;\">\n<td class=\"et2\" style=\"height: 31.00pt; width: 78.00pt;\" width=\"104\" height=\"41\">Wire Requirements<\/td>\n<td class=\"et3\" style=\"width: 54.00pt;\" width=\"72\">m\u33a1<\/td>\n<\/tr>\n<tr style=\"height: 18.00pt;\">\n<td class=\"et4\" style=\"height: 18.00pt; width: 78.00pt;\" width=\"104\" height=\"24\">L<\/td>\n<td class=\"et5\" style=\"width: 54.00pt;\" width=\"72\">16<\/td>\n<\/tr>\n<tr style=\"height: 18.00pt;\">\n<td class=\"et4\" style=\"height: 18.00pt; width: 78.00pt;\" width=\"104\" height=\"24\">N<\/td>\n<td class=\"et5\" style=\"width: 54.00pt;\" width=\"72\">16<\/td>\n<\/tr>\n<tr style=\"height: 17.25pt;\">\n<td class=\"et6\" style=\"height: 17.25pt; width: 78.00pt;\" width=\"104\" height=\"23\">SO<\/td>\n<td class=\"et7\" style=\"width: 54.00pt;\" width=\"72\">6<\/td>\n<\/tr>\n<\/tbody>\n<\/table>\n<p>Since the product works in a strong electrical environment, only certified or skilled electricians can install this electronic equipment, otherwise there is a risk of fire or electric shock!<\/p>\n<p><img decoding=\"async\" class=\"alignleft size-full wp-image-16074\" src=\"https:\/\/smartmeterglobal.com\/wp-content\/uploads\/2025\/05\/\u56fe\u72471.png\" alt=\"\" width=\"219\" height=\"222\" srcset=\"https:\/\/smartmeterglobal.com\/wp-content\/uploads\/2025\/05\/\u56fe\u72471.png 219w, https:\/\/smartmeterglobal.com\/wp-content\/uploads\/2025\/05\/\u56fe\u72471-12x12.png 12w, https:\/\/smartmeterglobal.com\/wp-content\/uploads\/2025\/05\/\u56fe\u72471-100x100.png 100w\" sizes=\"(max-width: 219px) 100vw, 219px\" \/><\/p>","protected":false},"featured_media":16134,"comment_status":"open","ping_status":"closed","template":"","meta":{"_acf_changed":false,"_kad_post_transparent":"default","_kad_post_title":"","_kad_post_layout":"default","_kad_post_sidebar_id":"","_kad_post_content_style":"default","_kad_post_vertical_padding":"default","_kad_post_feature":"","_kad_post_feature_position":"","_kad_post_header":false,"_kad_post_footer":false},"product_brand":[],"product_cat":[],"product_tag":[],"class_list":{"0":"post-16133","1":"product","2":"type-product","3":"status-publish","4":"has-post-thumbnail","7":"first","8":"instock","9":"shipping-taxable","10":"product-type-simple","11":"entry","12":"content-bg","13":"loop-entry"},"acf":[],"_links":{"self":[{"href":"https:\/\/smartmeterglobal.com\/pt\/wp-json\/wp\/v2\/product\/16133","targetHints":{"allow":["GET"]}}],"collection":[{"href":"https:\/\/smartmeterglobal.com\/pt\/wp-json\/wp\/v2\/product"}],"about":[{"href":"https:\/\/smartmeterglobal.com\/pt\/wp-json\/wp\/v2\/types\/product"}],"replies":[{"embeddable":true,"href":"https:\/\/smartmeterglobal.com\/pt\/wp-json\/wp\/v2\/comments?post=16133"}],"version-history":[{"count":2,"href":"https:\/\/smartmeterglobal.com\/pt\/wp-json\/wp\/v2\/product\/16133\/revisions"}],"predecessor-version":[{"id":16146,"href":"https:\/\/smartmeterglobal.com\/pt\/wp-json\/wp\/v2\/product\/16133\/revisions\/16146"}],"wp:featuredmedia":[{"embeddable":true,"href":"https:\/\/smartmeterglobal.com\/pt\/wp-json\/wp\/v2\/media\/16134"}],"wp:attachment":[{"href":"https:\/\/smartmeterglobal.com\/pt\/wp-json\/wp\/v2\/media?parent=16133"}],"wp:term":[{"taxonomy":"product_brand","embeddable":true,"href":"https:\/\/smartmeterglobal.com\/pt\/wp-json\/wp\/v2\/product_brand?post=16133"},{"taxonomy":"product_cat","embeddable":true,"href":"https:\/\/smartmeterglobal.com\/pt\/wp-json\/wp\/v2\/product_cat?post=16133"},{"taxonomy":"product_tag","embeddable":true,"href":"https:\/\/smartmeterglobal.com\/pt\/wp-json\/wp\/v2\/product_tag?post=16133"}],"curies":[{"name":"wp","href":"https:\/\/api.w.org\/{rel}","templated":true}]}}