{"id":16083,"date":"2025-05-29T08:37:46","date_gmt":"2025-05-29T08:37:46","guid":{"rendered":"https:\/\/smartmeterglobal.com\/?post_type=product&#038;p=16083"},"modified":"2025-06-06T13:32:06","modified_gmt":"2025-06-06T13:32:06","slug":"three-phase-multi-function-meter-dsz14wdrs-3x5a","status":"publish","type":"product","link":"https:\/\/smartmeterglobal.com\/pt\/produto\/three-phase-multi-function-meter-dsz14wdrs-3x5a\/","title":{"rendered":"Medidor multifun\u00e7\u00f5es trif\u00e1sico DSZ14DRS-3X80A"},"content":{"rendered":"<p>DIN-rail three-phase multi-function energy meter DSZ14DRS-3x80A has passed the EU measurement certification MID certification (0120\/SGS0204).<\/p>\n<p>It has the advantages of compact size, high precision, good reliability, easy installation, etc. It adopts DIN35mm rail mounting structure, LCD display, measuring electric energy and other electric parameters, with compound rate measurement, electric energy pulse output, power failure key wake-up, power automatic feed-in, LCD backlight display, etc. It has RS-485 bus mode interface.<\/p>\n<p>With RS-485 bus interface, it can be connected to the corresponding bus equipment, which is suitable for the occasions with poor wireless signal coverage or no network coverage.<\/p>","protected":false},"excerpt":{"rendered":"<p>DIN-rail three-phase multi-function energy meter DSZ14DRS-3x80A has passed the EU measurement certification MID certification (0120\/SGS0204). It has the advantages of compact size, high precision, good reliability, easy installation, etc. It adopts DIN35mm rail mounting structure, LCD display, measuring electric energy and other electric parameters, with compound rate measurement, electric energy pulse output, power failure key&#8230;<\/p>","protected":false},"featured_media":16099,"comment_status":"open","ping_status":"closed","template":"","meta":{"_acf_changed":false,"_kad_post_transparent":"default","_kad_post_title":"","_kad_post_layout":"default","_kad_post_sidebar_id":"","_kad_post_content_style":"default","_kad_post_vertical_padding":"default","_kad_post_feature":"","_kad_post_feature_position":"","_kad_post_header":false,"_kad_post_footer":false},"product_brand":[],"product_cat":[358],"product_tag":[485],"class_list":{"0":"post-16083","1":"product","2":"type-product","3":"status-publish","4":"has-post-thumbnail","6":"product_cat-smart-meter","7":"product_tag-dsz14drs-3x80a","9":"first","10":"instock","11":"shipping-taxable","12":"product-type-simple","13":"entry","14":"content-bg","15":"loop-entry"},"acf":[],"_links":{"self":[{"href":"https:\/\/smartmeterglobal.com\/pt\/wp-json\/wp\/v2\/product\/16083","targetHints":{"allow":["GET"]}}],"collection":[{"href":"https:\/\/smartmeterglobal.com\/pt\/wp-json\/wp\/v2\/product"}],"about":[{"href":"https:\/\/smartmeterglobal.com\/pt\/wp-json\/wp\/v2\/types\/product"}],"replies":[{"embeddable":true,"href":"https:\/\/smartmeterglobal.com\/pt\/wp-json\/wp\/v2\/comments?post=16083"}],"version-history":[{"count":3,"href":"https:\/\/smartmeterglobal.com\/pt\/wp-json\/wp\/v2\/product\/16083\/revisions"}],"predecessor-version":[{"id":16145,"href":"https:\/\/smartmeterglobal.com\/pt\/wp-json\/wp\/v2\/product\/16083\/revisions\/16145"}],"wp:featuredmedia":[{"embeddable":true,"href":"https:\/\/smartmeterglobal.com\/pt\/wp-json\/wp\/v2\/media\/16099"}],"wp:attachment":[{"href":"https:\/\/smartmeterglobal.com\/pt\/wp-json\/wp\/v2\/media?parent=16083"}],"wp:term":[{"taxonomy":"product_brand","embeddable":true,"href":"https:\/\/smartmeterglobal.com\/pt\/wp-json\/wp\/v2\/product_brand?post=16083"},{"taxonomy":"product_cat","embeddable":true,"href":"https:\/\/smartmeterglobal.com\/pt\/wp-json\/wp\/v2\/product_cat?post=16083"},{"taxonomy":"product_tag","embeddable":true,"href":"https:\/\/smartmeterglobal.com\/pt\/wp-json\/wp\/v2\/product_tag?post=16083"}],"curies":[{"name":"wp","href":"https:\/\/api.w.org\/{rel}","templated":true}]}}