{"id":16071,"date":"2025-05-29T08:20:02","date_gmt":"2025-05-29T08:20:02","guid":{"rendered":"https:\/\/smartmeterglobal.com\/?post_type=product&#038;p=16071"},"modified":"2025-05-30T08:10:59","modified_gmt":"2025-05-30T08:10:59","slug":"dsz12d-3x80a-din-rail-three-phase-mid-energy-meter-with-pulse-output","status":"publish","type":"product","link":"https:\/\/smartmeterglobal.com\/pt\/produto\/dsz12d-3x80a-din-rail-three-phase-mid-energy-meter-with-pulse-output\/","title":{"rendered":"DSZ12D-3\u00d780A Medidor de energia trif\u00e1sico MID em calha Din com sa\u00edda de impulsos"},"content":{"rendered":"<p>The DSZ12D-3\u00d780A is a three phase four wire energy meter with Max.80A direct input.It measures voltage,current,frequency, power,active energy,etc.It supports double-tarif and the second tarif is simply switched by applying 230V to terminals E1\/E2. Built-in interfaces provides pulse output. With modular design,the energy meter has achieved as 4-Din(4modules 72mm width)structure with the advantages of small size, high accuracy,high reliability and easy installation. The energy meter has been MID approved to meet the requirements of EU Directive 2014\/32\/EU. MID Certificate number is 0120\/SGSO204.<\/p>","protected":false},"excerpt":{"rendered":"<p>The DSZ12D-3\u00d780A is a three phase four wire energy meter with Max.80A direct input.It measures voltage,current,frequency, power,active energy,etc.It supports double-tarif and the second tarif is simply switched by applying 230V to terminals E1\/E2. Built-in interfaces provides pulse output. With modular design,the energy meter has achieved as 4-Din(4modules 72mm width)structure with the advantages of small size,&#8230;<\/p>","protected":false},"featured_media":16125,"comment_status":"open","ping_status":"closed","template":"","meta":{"_acf_changed":false,"_kad_post_transparent":"default","_kad_post_title":"","_kad_post_layout":"default","_kad_post_sidebar_id":"","_kad_post_content_style":"default","_kad_post_vertical_padding":"default","_kad_post_feature":"","_kad_post_feature_position":"","_kad_post_header":false,"_kad_post_footer":false},"product_brand":[],"product_cat":[],"product_tag":[481],"class_list":{"0":"post-16071","1":"product","2":"type-product","3":"status-publish","4":"has-post-thumbnail","6":"product_tag-din-rail-ct-type-three-phase-mid-energy-meter","8":"first","9":"instock","10":"shipping-taxable","11":"product-type-simple","12":"entry","13":"content-bg","14":"loop-entry"},"acf":[],"_links":{"self":[{"href":"https:\/\/smartmeterglobal.com\/pt\/wp-json\/wp\/v2\/product\/16071","targetHints":{"allow":["GET"]}}],"collection":[{"href":"https:\/\/smartmeterglobal.com\/pt\/wp-json\/wp\/v2\/product"}],"about":[{"href":"https:\/\/smartmeterglobal.com\/pt\/wp-json\/wp\/v2\/types\/product"}],"replies":[{"embeddable":true,"href":"https:\/\/smartmeterglobal.com\/pt\/wp-json\/wp\/v2\/comments?post=16071"}],"version-history":[{"count":2,"href":"https:\/\/smartmeterglobal.com\/pt\/wp-json\/wp\/v2\/product\/16071\/revisions"}],"predecessor-version":[{"id":16141,"href":"https:\/\/smartmeterglobal.com\/pt\/wp-json\/wp\/v2\/product\/16071\/revisions\/16141"}],"wp:featuredmedia":[{"embeddable":true,"href":"https:\/\/smartmeterglobal.com\/pt\/wp-json\/wp\/v2\/media\/16125"}],"wp:attachment":[{"href":"https:\/\/smartmeterglobal.com\/pt\/wp-json\/wp\/v2\/media?parent=16071"}],"wp:term":[{"taxonomy":"product_brand","embeddable":true,"href":"https:\/\/smartmeterglobal.com\/pt\/wp-json\/wp\/v2\/product_brand?post=16071"},{"taxonomy":"product_cat","embeddable":true,"href":"https:\/\/smartmeterglobal.com\/pt\/wp-json\/wp\/v2\/product_cat?post=16071"},{"taxonomy":"product_tag","embeddable":true,"href":"https:\/\/smartmeterglobal.com\/pt\/wp-json\/wp\/v2\/product_tag?post=16071"}],"curies":[{"name":"wp","href":"https:\/\/api.w.org\/{rel}","templated":true}]}}