{"id":16152,"date":"2025-05-30T09:04:58","date_gmt":"2025-05-30T09:04:58","guid":{"rendered":"https:\/\/smartmeterglobal.com\/?post_type=product&#038;p=16152"},"modified":"2025-05-30T09:04:58","modified_gmt":"2025-05-30T09:04:58","slug":"three-phase-multi-function-meter-dsz12dm-3x80a","status":"publish","type":"product","link":"https:\/\/smartmeterglobal.com\/it\/prodotto\/three-phase-multi-function-meter-dsz12dm-3x80a\/","title":{"rendered":"Contatore multifunzione trifase DSZ12DM-3x80A"},"content":{"rendered":"<p>Il contatore di energia multifunzionale trifase su guida DIN DSZ12DM-3x80A ha superato la certificazione metrologica MID dell'UE (0120\/SGS0204), con i vantaggi di dimensioni compatte, alta precisione, buona affidabilit\u00e0, facilit\u00e0 di installazione e cos\u00ec via.<\/p>\n<p>Adotta una struttura di montaggio su guida DIN35 mm, display LCD, misura l'energia elettrica e altri parametri elettrici, con misurazione del tasso composto, uscita a impulsi dell'energia elettrica, sveglia del tasto di interruzione dell'alimentazione, alimentazione automatica, display LCD retroilluminato e altre funzioni.<\/p>\n<p>Con l'interfaccia M-Bus, pu\u00f2 essere collegato all'apparecchiatura bus corrispondente, adatta alle occasioni con scarsa copertura del segnale wireless o senza copertura di rete.<\/p>","protected":false},"excerpt":{"rendered":"<p><strong>IV. Schemi di collegamento elettrico<\/strong><\/p>\n<p><img fetchpriority=\"high\" decoding=\"async\" class=\"alignleft size-medium wp-image-16153\" src=\"https:\/\/smartmeterglobal.com\/wp-content\/uploads\/2025\/05\/\u5fae\u4fe1\u56fe\u7247_20250530164417-306x300.png\" alt=\"\" width=\"306\" height=\"300\" srcset=\"\" sizes=\"(max-width: 306px) 100vw, 306px\" data-srcset=\"\" \/><\/p>\n<table style=\"border-collapse: collapse; width: 184.53pt;\" border=\"0\" width=\"246\" cellspacing=\"0\" cellpadding=\"0\">\n<tbody>\n<tr style=\"height: 18.75pt;\">\n<td class=\"et2\" style=\"height: 18.75pt; width: 130.50pt;\" width=\"174\" height=\"25\">Requisiti del filo<\/td>\n<td class=\"et3\" style=\"width: 54.00pt;\" width=\"72\">m\u33a1<\/td>\n<\/tr>\n<tr style=\"height: 18.00pt;\">\n<td class=\"et4\" style=\"height: 18.00pt; width: 130.50pt;\" width=\"174\" height=\"24\">L<\/td>\n<td class=\"et5\" style=\"width: 54.00pt;\" width=\"72\">32<\/td>\n<\/tr>\n<tr style=\"height: 18.00pt;\">\n<td class=\"et4\" style=\"height: 18.00pt; width: 130.50pt;\" width=\"174\" height=\"24\">N<\/td>\n<td class=\"et5\" style=\"width: 54.00pt;\" width=\"72\">16<\/td>\n<\/tr>\n<tr style=\"height: 17.25pt;\">\n<td class=\"et6\" style=\"height: 17.25pt; width: 130.50pt;\" width=\"174\" height=\"23\">SO<\/td>\n<td class=\"et7\" style=\"width: 54.00pt;\" width=\"72\">6<\/td>\n<\/tr>\n<\/tbody>\n<\/table>\n<p>Poich\u00e9 il prodotto funziona in un ambiente fortemente elettrificato, l'installazione di questa apparecchiatura elettronica pu\u00f2 essere effettuata solo da elettricisti certificati o specializzati, pena il rischio di incendi o scosse elettriche!<\/p>\n<p><img decoding=\"async\" class=\"alignleft size-full wp-image-16154\" src=\"https:\/\/smartmeterglobal.com\/wp-content\/uploads\/2025\/05\/\u672a\u6807\u9898-2.jpg\" alt=\"\" width=\"300\" height=\"300\" srcset=\"https:\/\/smartmeterglobal.com\/wp-content\/uploads\/2025\/05\/\u672a\u6807\u9898-2.jpg 300w, https:\/\/smartmeterglobal.com\/wp-content\/uploads\/2025\/05\/\u672a\u6807\u9898-2-150x150.jpg 150w, https:\/\/smartmeterglobal.com\/wp-content\/uploads\/2025\/05\/\u672a\u6807\u9898-2-12x12.jpg 12w, https:\/\/smartmeterglobal.com\/wp-content\/uploads\/2025\/05\/\u672a\u6807\u9898-2-100x100.jpg 100w\" sizes=\"(max-width: 300px) 100vw, 300px\" \/><\/p>","protected":false},"featured_media":16155,"comment_status":"open","ping_status":"closed","template":"","meta":{"_acf_changed":false,"_kad_post_transparent":"default","_kad_post_title":"","_kad_post_layout":"default","_kad_post_sidebar_id":"","_kad_post_content_style":"default","_kad_post_vertical_padding":"default","_kad_post_feature":"","_kad_post_feature_position":"","_kad_post_header":false,"_kad_post_footer":false},"product_brand":[],"product_cat":[],"product_tag":[],"class_list":{"0":"post-16152","1":"product","2":"type-product","3":"status-publish","4":"has-post-thumbnail","7":"first","8":"instock","9":"shipping-taxable","10":"product-type-simple","11":"entry","12":"content-bg","13":"loop-entry"},"acf":[],"_links":{"self":[{"href":"https:\/\/smartmeterglobal.com\/it\/wp-json\/wp\/v2\/product\/16152","targetHints":{"allow":["GET"]}}],"collection":[{"href":"https:\/\/smartmeterglobal.com\/it\/wp-json\/wp\/v2\/product"}],"about":[{"href":"https:\/\/smartmeterglobal.com\/it\/wp-json\/wp\/v2\/types\/product"}],"replies":[{"embeddable":true,"href":"https:\/\/smartmeterglobal.com\/it\/wp-json\/wp\/v2\/comments?post=16152"}],"version-history":[{"count":1,"href":"https:\/\/smartmeterglobal.com\/it\/wp-json\/wp\/v2\/product\/16152\/revisions"}],"predecessor-version":[{"id":16162,"href":"https:\/\/smartmeterglobal.com\/it\/wp-json\/wp\/v2\/product\/16152\/revisions\/16162"}],"wp:featuredmedia":[{"embeddable":true,"href":"https:\/\/smartmeterglobal.com\/it\/wp-json\/wp\/v2\/media\/16155"}],"wp:attachment":[{"href":"https:\/\/smartmeterglobal.com\/it\/wp-json\/wp\/v2\/media?parent=16152"}],"wp:term":[{"taxonomy":"product_brand","embeddable":true,"href":"https:\/\/smartmeterglobal.com\/it\/wp-json\/wp\/v2\/product_brand?post=16152"},{"taxonomy":"product_cat","embeddable":true,"href":"https:\/\/smartmeterglobal.com\/it\/wp-json\/wp\/v2\/product_cat?post=16152"},{"taxonomy":"product_tag","embeddable":true,"href":"https:\/\/smartmeterglobal.com\/it\/wp-json\/wp\/v2\/product_tag?post=16152"}],"curies":[{"name":"wp","href":"https:\/\/api.w.org\/{rel}","templated":true}]}}