{"id":16152,"date":"2025-05-30T09:04:58","date_gmt":"2025-05-30T09:04:58","guid":{"rendered":"https:\/\/smartmeterglobal.com\/?post_type=product&#038;p=16152"},"modified":"2025-05-30T09:04:58","modified_gmt":"2025-05-30T09:04:58","slug":"three-phase-multi-function-meter-dsz12dm-3x80a","status":"publish","type":"product","link":"https:\/\/smartmeterglobal.com\/fr\/produit\/three-phase-multi-function-meter-dsz12dm-3x80a\/","title":{"rendered":"Compteur multifonction triphas\u00e9 DSZ12DM-3x80A"},"content":{"rendered":"<p>Le compteur d'\u00e9nergie triphas\u00e9 multifonctionnel sur rail DIN DSZ12DM-3x80A a obtenu la certification m\u00e9trologique europ\u00e9enne MID (0120\/SGS0204). Il pr\u00e9sente les avantages suivants : taille compacte, haute pr\u00e9cision, bonne fiabilit\u00e9, facilit\u00e9 d'installation, etc.<\/p>\n<p>Il adopte une structure de montage sur rail DIN 35 mm, un \u00e9cran LCD, mesure l'\u00e9nergie \u00e9lectrique et d'autres param\u00e8tres \u00e9lectriques, avec un taux de comptage compos\u00e9, une sortie d'impulsion d'\u00e9nergie \u00e9lectrique, une touche de r\u00e9veil en cas de coupure de courant, une alimentation automatique, un \u00e9cran LCD r\u00e9tro\u00e9clair\u00e9 et d'autres fonctions.<\/p>\n<p>Gr\u00e2ce \u00e0 l'interface M-Bus, il peut \u00eatre connect\u00e9 \u00e0 l'\u00e9quipement de bus correspondant, ce qui convient aux situations o\u00f9 la couverture du signal sans fil est faible ou inexistante.<\/p>","protected":false},"excerpt":{"rendered":"<p><strong>IV. Sch\u00e9mas de connexion \u00e9lectrique<\/strong><\/p>\n<p><img fetchpriority=\"high\" decoding=\"async\" class=\"alignleft size-medium wp-image-16153\" src=\"https:\/\/smartmeterglobal.com\/wp-content\/uploads\/2025\/05\/\u5fae\u4fe1\u56fe\u7247_20250530164417-306x300.png\" alt=\"\" width=\"306\" height=\"300\" srcset=\"\" sizes=\"(max-width: 306px) 100vw, 306px\" data-srcset=\"\" \/><\/p>\n<table style=\"border-collapse: collapse; width: 184.53pt;\" border=\"0\" width=\"246\" cellspacing=\"0\" cellpadding=\"0\">\n<tbody>\n<tr style=\"height: 18.75pt;\">\n<td class=\"et2\" style=\"height: 18.75pt; width: 130.50pt;\" width=\"174\" height=\"25\">Exigences en mati\u00e8re de fils<\/td>\n<td class=\"et3\" style=\"width: 54.00pt;\" width=\"72\">m\u33a1<\/td>\n<\/tr>\n<tr style=\"height: 18.00pt;\">\n<td class=\"et4\" style=\"height: 18.00pt; width: 130.50pt;\" width=\"174\" height=\"24\">L<\/td>\n<td class=\"et5\" style=\"width: 54.00pt;\" width=\"72\">32<\/td>\n<\/tr>\n<tr style=\"height: 18.00pt;\">\n<td class=\"et4\" style=\"height: 18.00pt; width: 130.50pt;\" width=\"174\" height=\"24\">N<\/td>\n<td class=\"et5\" style=\"width: 54.00pt;\" width=\"72\">16<\/td>\n<\/tr>\n<tr style=\"height: 17.25pt;\">\n<td class=\"et6\" style=\"height: 17.25pt; width: 130.50pt;\" width=\"174\" height=\"23\">SO<\/td>\n<td class=\"et7\" style=\"width: 54.00pt;\" width=\"72\">6<\/td>\n<\/tr>\n<\/tbody>\n<\/table>\n<p>Le produit fonctionnant dans un environnement \u00e9lectrique puissant, seuls des \u00e9lectriciens certifi\u00e9s ou qualifi\u00e9s peuvent installer cet \u00e9quipement \u00e9lectronique, sous peine de risque d'incendie ou d'\u00e9lectrocution !<\/p>\n<p><img decoding=\"async\" class=\"alignleft size-full wp-image-16154\" src=\"https:\/\/smartmeterglobal.com\/wp-content\/uploads\/2025\/05\/\u672a\u6807\u9898-2.jpg\" alt=\"\" width=\"300\" height=\"300\" srcset=\"https:\/\/smartmeterglobal.com\/wp-content\/uploads\/2025\/05\/\u672a\u6807\u9898-2.jpg 300w, https:\/\/smartmeterglobal.com\/wp-content\/uploads\/2025\/05\/\u672a\u6807\u9898-2-150x150.jpg 150w, https:\/\/smartmeterglobal.com\/wp-content\/uploads\/2025\/05\/\u672a\u6807\u9898-2-12x12.jpg 12w, https:\/\/smartmeterglobal.com\/wp-content\/uploads\/2025\/05\/\u672a\u6807\u9898-2-100x100.jpg 100w\" sizes=\"(max-width: 300px) 100vw, 300px\" \/><\/p>","protected":false},"featured_media":16155,"comment_status":"open","ping_status":"closed","template":"","meta":{"_acf_changed":false,"_kad_post_transparent":"default","_kad_post_title":"","_kad_post_layout":"default","_kad_post_sidebar_id":"","_kad_post_content_style":"default","_kad_post_vertical_padding":"default","_kad_post_feature":"","_kad_post_feature_position":"","_kad_post_header":false,"_kad_post_footer":false},"product_brand":[],"product_cat":[],"product_tag":[],"class_list":{"0":"post-16152","1":"product","2":"type-product","3":"status-publish","4":"has-post-thumbnail","7":"first","8":"instock","9":"shipping-taxable","10":"product-type-simple","11":"entry","12":"content-bg","13":"loop-entry"},"acf":[],"_links":{"self":[{"href":"https:\/\/smartmeterglobal.com\/fr\/wp-json\/wp\/v2\/product\/16152","targetHints":{"allow":["GET"]}}],"collection":[{"href":"https:\/\/smartmeterglobal.com\/fr\/wp-json\/wp\/v2\/product"}],"about":[{"href":"https:\/\/smartmeterglobal.com\/fr\/wp-json\/wp\/v2\/types\/product"}],"replies":[{"embeddable":true,"href":"https:\/\/smartmeterglobal.com\/fr\/wp-json\/wp\/v2\/comments?post=16152"}],"version-history":[{"count":1,"href":"https:\/\/smartmeterglobal.com\/fr\/wp-json\/wp\/v2\/product\/16152\/revisions"}],"predecessor-version":[{"id":16162,"href":"https:\/\/smartmeterglobal.com\/fr\/wp-json\/wp\/v2\/product\/16152\/revisions\/16162"}],"wp:featuredmedia":[{"embeddable":true,"href":"https:\/\/smartmeterglobal.com\/fr\/wp-json\/wp\/v2\/media\/16155"}],"wp:attachment":[{"href":"https:\/\/smartmeterglobal.com\/fr\/wp-json\/wp\/v2\/media?parent=16152"}],"wp:term":[{"taxonomy":"product_brand","embeddable":true,"href":"https:\/\/smartmeterglobal.com\/fr\/wp-json\/wp\/v2\/product_brand?post=16152"},{"taxonomy":"product_cat","embeddable":true,"href":"https:\/\/smartmeterglobal.com\/fr\/wp-json\/wp\/v2\/product_cat?post=16152"},{"taxonomy":"product_tag","embeddable":true,"href":"https:\/\/smartmeterglobal.com\/fr\/wp-json\/wp\/v2\/product_tag?post=16152"}],"curies":[{"name":"wp","href":"https:\/\/api.w.org\/{rel}","templated":true}]}}